{"id":24,"date":"2017-08-01T18:28:13","date_gmt":"2017-08-01T18:28:13","guid":{"rendered":"http:\/\/palenquerobledal.com\/web\/?page_id=24"},"modified":"2017-09-12T14:06:38","modified_gmt":"2017-09-12T14:06:38","slug":"contacto","status":"publish","type":"page","link":"http:\/\/palenquerobledal.com\/web\/contacto\/","title":{"rendered":"Contacto"},"content":{"rendered":"<div class=\"panel-grid\" id=\"pg-24-0\" ><div class=\"panel-grid-core\"><div class=\"panel-grid-cell\" id=\"pgc-24-0-0\" ><div class=\"panel-widget-style\" ><p>Cont\u00e1ctanos y d\u00e9janos saber todas las dudas que tengas.<\/p><p><br \/><div role=\"form\" class=\"wpcf7\" id=\"wpcf7-f5-o2\" lang=\"es-ES\" dir=\"ltr\">\n<div class=\"screen-reader-response\"><\/div>\n<form action=\"\/web\/wp-json\/wp\/v2\/pages\/24#wpcf7-f5-o2\" method=\"post\" class=\"wpcf7-form\" novalidate=\"novalidate\">\n<div style=\"display: none;\">\n<input type=\"hidden\" name=\"_wpcf7\" value=\"5\" \/>\n<input type=\"hidden\" name=\"_wpcf7_version\" value=\"4.9\" \/>\n<input type=\"hidden\" name=\"_wpcf7_locale\" value=\"es_ES\" \/>\n<input type=\"hidden\" name=\"_wpcf7_unit_tag\" value=\"wpcf7-f5-o2\" \/>\n<input type=\"hidden\" name=\"_wpcf7_container_post\" value=\"0\" \/>\n<\/div>\n<p><label> Nombre (requerido)<br \/>\n    <span class=\"wpcf7-form-control-wrap your-name\"><input type=\"text\" name=\"your-name\" value=\"\" size=\"40\" class=\"wpcf7-form-control wpcf7-text wpcf7-validates-as-required\" aria-required=\"true\" aria-invalid=\"false\" \/><\/span> <\/label><\/p>\n<p><label> Tu correo electr\u00f3nico (requerido)<br \/>\n    <span class=\"wpcf7-form-control-wrap your-email\"><input type=\"email\" name=\"your-email\" value=\"\" size=\"40\" class=\"wpcf7-form-control wpcf7-text wpcf7-email wpcf7-validates-as-required wpcf7-validates-as-email\" aria-required=\"true\" aria-invalid=\"false\" \/><\/span> <\/label><\/p>\n<p><label> Asunto<br \/>\n    <span class=\"wpcf7-form-control-wrap your-subject\"><input type=\"text\" name=\"your-subject\" value=\"\" size=\"40\" class=\"wpcf7-form-control wpcf7-text\" aria-invalid=\"false\" \/><\/span> <\/label><\/p>\n<p><label> Mensaje<br \/>\n    <span class=\"wpcf7-form-control-wrap your-message\"><textarea name=\"your-message\" cols=\"40\" rows=\"10\" class=\"wpcf7-form-control wpcf7-textarea\" aria-invalid=\"false\"><\/textarea><\/span> <\/label><\/p>\n<p><input type=\"submit\" value=\"Enviar\" class=\"wpcf7-form-control wpcf7-submit\" \/><\/p>\n<div class=\"wpcf7-response-output wpcf7-display-none\"><\/div><\/form><\/div><\/p><\/div><\/div><div class=\"panel-grid-cell\" id=\"pgc-24-0-1\" ><div class=\"panel-widget-style\" ><iframe src=\"https:\/\/www.google.com\/maps\/d\/u\/0\/embed?mid=1ThDGcb3bXULdgCK5dZx31U9w69I\" width=\"1940\" height=\"480\"><\/iframe><\/div><\/div><\/div><\/div>","protected":false},"excerpt":{"rendered":"<p>Cont\u00e1ctanos y d\u00e9janos saber todas las dudas que tengas. Nombre (requerido) Tu correo electr\u00f3nico (requerido) Asunto Mensaje<\/p>\n","protected":false},"author":1,"featured_media":0,"parent":0,"menu_order":0,"comment_status":"closed","ping_status":"closed","template":"template-parallax.php","meta":[],"categories":[],"tags":[],"_links":{"self":[{"href":"http:\/\/palenquerobledal.com\/web\/wp-json\/wp\/v2\/pages\/24"}],"collection":[{"href":"http:\/\/palenquerobledal.com\/web\/wp-json\/wp\/v2\/pages"}],"about":[{"href":"http:\/\/palenquerobledal.com\/web\/wp-json\/wp\/v2\/types\/page"}],"author":[{"embeddable":true,"href":"http:\/\/palenquerobledal.com\/web\/wp-json\/wp\/v2\/users\/1"}],"replies":[{"embeddable":true,"href":"http:\/\/palenquerobledal.com\/web\/wp-json\/wp\/v2\/comments?post=24"}],"version-history":[{"count":2,"href":"http:\/\/palenquerobledal.com\/web\/wp-json\/wp\/v2\/pages\/24\/revisions"}],"predecessor-version":[{"id":128,"href":"http:\/\/palenquerobledal.com\/web\/wp-json\/wp\/v2\/pages\/24\/revisions\/128"}],"wp:attachment":[{"href":"http:\/\/palenquerobledal.com\/web\/wp-json\/wp\/v2\/media?parent=24"}],"wp:term":[{"taxonomy":"category","embeddable":true,"href":"http:\/\/palenquerobledal.com\/web\/wp-json\/wp\/v2\/categories?post=24"},{"taxonomy":"post_tag","embeddable":true,"href":"http:\/\/palenquerobledal.com\/web\/wp-json\/wp\/v2\/tags?post=24"}],"curies":[{"name":"wp","href":"https:\/\/api.w.org\/{rel}","templated":true}]}}