{"id":2,"date":"2017-07-29T21:17:16","date_gmt":"2017-07-29T21:17:16","guid":{"rendered":"http:\/\/palenquerobledal.com\/web\/?page_id=2"},"modified":"2017-10-12T21:54:25","modified_gmt":"2017-10-12T21:54:25","slug":"sample-page","status":"publish","type":"page","link":"http:\/\/palenquerobledal.com\/web\/","title":{"rendered":"Inicio"},"content":{"rendered":"<div class=\"panel-grid\" id=\"pg-2-0\" ><div class=\"panel-grid-core\"><div class=\"panel-grid-cell\" id=\"pgc-2-0-0\" ><div class=\"panel-widget-style\" ><p style=\"text-align: center;\"><img src=\"http:\/\/palenquerobledal.com\/web\/wp-content\/uploads\/2017\/07\/banner1.png\" alt=\"\" \/ ><\/p><\/div><div class=\"panel-widget-style\" ><p style=\"text-align: center;\"><span style=\"color: #ffffff; font-size: 18pt;\"><strong>RUTAS<\/strong><\/span><\/p><\/div><\/div><div class=\"panel-grid-cell\" id=\"pgc-2-0-1\" >&nbsp;<\/div><div class=\"panel-grid-cell\" id=\"pgc-2-0-2\" ><div class=\"panel-widget-style\" ><p style=\"text-align: center;\"><img src=\"http:\/\/palenquerobledal.com\/web\/wp-content\/uploads\/2017\/07\/banner2-1.png\" alt=\"\" \/ ><\/p><\/div><div class=\"panel-widget-style\" ><p style=\"text-align: center;\"><span style=\"font-size: 18pt; color: #ffffff;\"><strong>SEGURIDAD VIAL<\/strong><\/span><\/p><\/div><\/div><div class=\"panel-grid-cell\" id=\"pgc-2-0-3\" >&nbsp;<\/div><div class=\"panel-grid-cell\" id=\"pgc-2-0-4\" ><div class=\"panel-widget-style\" ><p style=\"text-align: center;\"><img src=\"http:\/\/palenquerobledal.com\/web\/wp-content\/uploads\/2017\/07\/banner3.png\" alt=\"\" \/ ><\/p><\/div><div class=\"panel-widget-style\" ><p style=\"text-align: center;\"><span style=\"font-size: 18pt; color: #ffffff;\"><strong>PQRS<\/strong><\/span><\/p><\/div><\/div><\/div><\/div><div class=\"panel-grid\" id=\"pg-2-1\" ><div class=\"panel-grid-core\"><div class=\"panel-grid-cell\" id=\"pgc-2-1-0\" ><div class=\"panel-widget-style\" ><p style=\"text-align: center;\"><span style=\"font-size: 18pt;\"><strong>\u00daLTIMAS NOTICIAS<\/strong><\/span><\/p><\/div><div class=\"panel-widget-style\" ><div class=\"sc-carousel carousel-blog\" data-show=\"4\" data-scroll=\"1\" data-speed=\"500\" data-effect=\"none\"><ul><li class=\"blog-article\"><div class=\"entry-header\"><a href=\"http:\/\/palenquerobledal.com\/web\/2021\/11\/04\/comunicado-de-prensa-siniestro-vial\/\" ><img src=\"http:\/\/palenquerobledal.com\/web\/wp-content\/uploads\/2021\/11\/front-view-journalist-holding-microphone-285x190.jpg\" \/><\/a><div class=\"image-overlay style2\"><div class=\"image-overlay-inner\"><div class=\"hover-icons\"><a class=\"hover-link\" href=\"http:\/\/palenquerobledal.com\/web\/2021\/11\/04\/comunicado-de-prensa-siniestro-vial\/\"><\/a><\/div><\/div><\/div><\/div><div class=\"entry-content\"><h4><a href=\"http:\/\/palenquerobledal.com\/web\/2021\/11\/04\/comunicado-de-prensa-siniestro-vial\/\" >Comunicado de prensa - Siniestro vial<\/a><\/h4><\/div><\/li><li class=\"blog-article\"><div class=\"entry-header\"><a href=\"http:\/\/palenquerobledal.com\/web\/2017\/10\/12\/conoce-la-nueva-ruta-robledales-250b\/\" ><img src=\"http:\/\/palenquerobledal.com\/web\/wp-content\/uploads\/2017\/10\/robledalesnueva-285x190.png\" \/><\/a><div class=\"image-overlay style2\"><div class=\"image-overlay-inner\"><div class=\"hover-icons\"><a class=\"hover-link\" href=\"http:\/\/palenquerobledal.com\/web\/2017\/10\/12\/conoce-la-nueva-ruta-robledales-250b\/\"><\/a><\/div><\/div><\/div><\/div><div class=\"entry-content\"><h4><a href=\"http:\/\/palenquerobledal.com\/web\/2017\/10\/12\/conoce-la-nueva-ruta-robledales-250b\/\" >Conoce la nueva ruta Robledales 250B<\/a><\/h4><\/div><\/li><li class=\"blog-article\"><div class=\"entry-header\"><a href=\"http:\/\/palenquerobledal.com\/web\/2017\/08\/18\/las-tres-eses-de-la-prestacion-de-nuestro-servicio\/\" ><img src=\"http:\/\/palenquerobledal.com\/web\/wp-content\/uploads\/2017\/08\/PILDORAS-PARA-VEHICULO-285x190.png\" \/><\/a><div class=\"image-overlay style2\"><div class=\"image-overlay-inner\"><div class=\"hover-icons\"><a class=\"hover-link\" href=\"http:\/\/palenquerobledal.com\/web\/2017\/08\/18\/las-tres-eses-de-la-prestacion-de-nuestro-servicio\/\"><\/a><\/div><\/div><\/div><\/div><div class=\"entry-content\"><h4><a href=\"http:\/\/palenquerobledal.com\/web\/2017\/08\/18\/las-tres-eses-de-la-prestacion-de-nuestro-servicio\/\" >Las tres eses de la prestaci\u00f3n de nuestro servicio<\/a><\/h4><\/div><\/li><li class=\"blog-article\"><div class=\"entry-header\"><a href=\"http:\/\/palenquerobledal.com\/web\/2017\/08\/18\/ceder-el-asiento-una-cuestion-de-educacion\/\" ><img src=\"http:\/\/palenquerobledal.com\/web\/wp-content\/uploads\/2017\/08\/PILDORAS-PARA-VEHICULO-4-285x190.png\" \/><\/a><div class=\"image-overlay style2\"><div class=\"image-overlay-inner\"><div class=\"hover-icons\"><a class=\"hover-link\" href=\"http:\/\/palenquerobledal.com\/web\/2017\/08\/18\/ceder-el-asiento-una-cuestion-de-educacion\/\"><\/a><\/div><\/div><\/div><\/div><div class=\"entry-content\"><h4><a href=\"http:\/\/palenquerobledal.com\/web\/2017\/08\/18\/ceder-el-asiento-una-cuestion-de-educacion\/\" >Ceder el asiento, una cuesti\u00f3n de educaci\u00f3n.<\/a><\/h4><\/div><\/li><li class=\"blog-article\"><div class=\"entry-header\"><a href=\"http:\/\/palenquerobledal.com\/web\/2017\/08\/02\/la-seguridad-vial-un-asunto-que-tambien-se-piensa-desde-la-academia\/\" ><img src=\"http:\/\/palenquerobledal.com\/web\/wp-content\/uploads\/2017\/08\/noticia_prueba2-285x190.png\" \/><\/a><div class=\"image-overlay style2\"><div class=\"image-overlay-inner\"><div class=\"hover-icons\"><a class=\"hover-link\" href=\"http:\/\/palenquerobledal.com\/web\/2017\/08\/02\/la-seguridad-vial-un-asunto-que-tambien-se-piensa-desde-la-academia\/\"><\/a><\/div><\/div><\/div><\/div><div class=\"entry-content\"><h4><a href=\"http:\/\/palenquerobledal.com\/web\/2017\/08\/02\/la-seguridad-vial-un-asunto-que-tambien-se-piensa-desde-la-academia\/\" >La seguridad vial, un asunto que tambi\u00e9n se piensa desde la academia<\/a><\/h4><\/div><\/li><li class=\"blog-article\"><div class=\"entry-header\"><a href=\"http:\/\/palenquerobledal.com\/web\/2017\/08\/01\/un-transporte-eficiente-mejora-la-calidad-del-medio-ambiente\/\" ><img src=\"http:\/\/palenquerobledal.com\/web\/wp-content\/uploads\/2017\/08\/shutterstock_316733366-285x190.jpg\" \/><\/a><div class=\"image-overlay style2\"><div class=\"image-overlay-inner\"><div class=\"hover-icons\"><a class=\"hover-link\" href=\"http:\/\/palenquerobledal.com\/web\/2017\/08\/01\/un-transporte-eficiente-mejora-la-calidad-del-medio-ambiente\/\"><\/a><\/div><\/div><\/div><\/div><div class=\"entry-content\"><h4><a href=\"http:\/\/palenquerobledal.com\/web\/2017\/08\/01\/un-transporte-eficiente-mejora-la-calidad-del-medio-ambiente\/\" >Un transporte eficiente mejora la calidad del medio ambiente<\/a><\/h4><\/div><\/li><li class=\"blog-article\"><div class=\"entry-header\"><a href=\"http:\/\/palenquerobledal.com\/web\/2017\/07\/29\/hello-world\/\" ><img src=\"http:\/\/palenquerobledal.com\/web\/wp-content\/uploads\/2017\/07\/1_lunes_1-285x190.jpg\" \/><\/a><div class=\"image-overlay style2\"><div class=\"image-overlay-inner\"><div class=\"hover-icons\"><a class=\"hover-link\" href=\"http:\/\/palenquerobledal.com\/web\/2017\/07\/29\/hello-world\/\"><\/a><\/div><\/div><\/div><\/div><div class=\"entry-content\"><h4><a href=\"http:\/\/palenquerobledal.com\/web\/2017\/07\/29\/hello-world\/\" >Pico y placa Colombia<\/a><\/h4><\/div><\/li><\/ul><div class=\"caroufredsel_nav\"><a class=\"prev\" id=\"thinkupshortcodescarousel_blog_prev\" href=\"#\"><i class=\"fa fa-angle-left\"><\/i><\/a><a class=\"next\" id=\"thinkupshortcodescarousel_blog_next\" href=\"#\"><i class=\"fa fa-angle-right\"><\/i><\/a><\/div><div class=\"clearboth\"><\/div><\/div><\/div><\/div><\/div><\/div><div class=\"panel-grid\" id=\"pg-2-2\" ><div class=\"panel-grid-core\"><div class=\"panel-grid-cell\" id=\"pgc-2-2-0\" ><div class=\"panel-widget-style\" ><div style=\"padding: 150px 0;\"><\/div><\/div><\/div><\/div><\/div><div class=\"panel-grid\" id=\"pg-2-3\" ><div class=\"panel-grid-core\"><div class=\"panel-grid-cell\" id=\"pgc-2-3-0\" ><div class=\"panel-widget-style\" ><iframe width=\"1170\" height=\"658\" src=\"https:\/\/www.youtube.com\/embed\/obHngv5CjiE?feature=oembed\" frameborder=\"0\" allowfullscreen><\/iframe><\/div><\/div><div class=\"panel-grid-cell\" id=\"pgc-2-3-1\" ><div class=\"panel-widget-style\" ><p style=\"text-align: left;\"><span style=\"font-size: 18pt; color: #5d5d5d;\"><strong>Sistema integrado de transporte masivo del valle de Aburr\u00e1.<\/strong><\/span><\/p><p>El Sistema Integrado de\u00a0<b>Transporte<\/b>\u00a0Masivo del Valle de Aburr\u00e1 SITVA, integra algunas de las rutas de buses privados con el servicio\u00a0<b>p\u00fablico<\/b>\u00a0del metro. Mediante el SITVA, el usuario, adquiriendo un solo tiquete, puede transportarse y trasbordar entre bus, metro, metrocable y metropl\u00fas.<\/p><p><br \/><img class=\"size-full wp-image-46 alignleft\" src=\"http:\/\/palenquerobledal.com\/web\/wp-content\/uploads\/2017\/07\/boton_Vermas.png\" alt=\"\" width=\"153\" height=\"50\" \/><\/p><p style=\"text-align: left;\"><span style=\"font-size: 18pt;\"><strong>\u00a0<\/strong><\/span><\/p><\/div><\/div><\/div><\/div>","protected":false},"excerpt":{"rendered":"<p>RUTAS&nbsp;SEGURIDAD VIAL&nbsp;PQRS\u00daLTIMAS NOTICIASComunicado de prensa &#8211; Siniestro vialConoce la nueva ruta Robledales 250BLas tres eses de la prestaci\u00f3n de nuestro servicioCeder el asiento, una cuesti\u00f3n de educaci\u00f3n.La seguridad vial, un asunto que tambi\u00e9n se piensa desde la academiaUn transporte eficiente mejora la calidad del medio ambientePico y placa ColombiaSistema integrado de transporte masivo del valle&hellip;<\/p>\n<p class=\"more-link\"><a href=\"http:\/\/palenquerobledal.com\/web\/\" class=\"themebutton2\">Read More<\/a><\/p>\n","protected":false},"author":1,"featured_media":0,"parent":0,"menu_order":0,"comment_status":"closed","ping_status":"closed","template":"template-parallax.php","meta":[],"categories":[],"tags":[],"_links":{"self":[{"href":"http:\/\/palenquerobledal.com\/web\/wp-json\/wp\/v2\/pages\/2"}],"collection":[{"href":"http:\/\/palenquerobledal.com\/web\/wp-json\/wp\/v2\/pages"}],"about":[{"href":"http:\/\/palenquerobledal.com\/web\/wp-json\/wp\/v2\/types\/page"}],"author":[{"embeddable":true,"href":"http:\/\/palenquerobledal.com\/web\/wp-json\/wp\/v2\/users\/1"}],"replies":[{"embeddable":true,"href":"http:\/\/palenquerobledal.com\/web\/wp-json\/wp\/v2\/comments?post=2"}],"version-history":[{"count":3,"href":"http:\/\/palenquerobledal.com\/web\/wp-json\/wp\/v2\/pages\/2\/revisions"}],"predecessor-version":[{"id":34,"href":"http:\/\/palenquerobledal.com\/web\/wp-json\/wp\/v2\/pages\/2\/revisions\/34"}],"wp:attachment":[{"href":"http:\/\/palenquerobledal.com\/web\/wp-json\/wp\/v2\/media?parent=2"}],"wp:term":[{"taxonomy":"category","embeddable":true,"href":"http:\/\/palenquerobledal.com\/web\/wp-json\/wp\/v2\/categories?post=2"},{"taxonomy":"post_tag","embeddable":true,"href":"http:\/\/palenquerobledal.com\/web\/wp-json\/wp\/v2\/tags?post=2"}],"curies":[{"name":"wp","href":"https:\/\/api.w.org\/{rel}","templated":true}]}}