{"id":16,"date":"2017-08-01T17:39:35","date_gmt":"2017-08-01T17:39:35","guid":{"rendered":"http:\/\/palenquerobledal.com\/web\/?page_id=16"},"modified":"2017-09-15T17:24:09","modified_gmt":"2017-09-15T17:24:09","slug":"quienes-somos","status":"publish","type":"page","link":"http:\/\/palenquerobledal.com\/web\/quienes-somos\/","title":{"rendered":"Qui\u00e9nes Somos"},"content":{"rendered":"<div class=\"panel-grid\" id=\"pg-16-0\" ><div class=\"panel-grid-core\"><div class=\"panel-grid-cell\" id=\"pgc-16-0-0\" ><div class=\"panel-widget-style\" ><div style=\"padding: 100px 0;\"><\/div><\/div><\/div><\/div><\/div><div class=\"panel-grid\" id=\"pg-16-1\" ><div class=\"panel-grid-core\"><div class=\"panel-grid-cell\" id=\"pgc-16-1-0\" ><div class=\"panel-widget-style\" ><p><img class=\"alignnone wp-image-74 size-medium\" src=\"http:\/\/palenquerobledal.com\/web\/wp-content\/uploads\/2017\/08\/mision-300x52.png\" alt=\"\" width=\"300\" height=\"52\" \/><\/p><p><b><img class=\"size-full wp-image-73 alignleft\" src=\"http:\/\/palenquerobledal.com\/web\/wp-content\/uploads\/2017\/08\/Nosotros1.png\" alt=\"\" width=\"120\" height=\"120\" \/><\/b><\/p><p><b>CONDUCCIONES PALENQUE ROBLEDAL <\/b>SA es una empresa dedicada \u00a0a la prestaci\u00f3n de servicio p\u00fablico urbano colectivo de pasajeros en la comuna 7,\u00a0\u00a0 que brinda\u00a0 a sus USUARIOS servicios con calidad, oportunidad y seguridad y a sus INVERSIONISTAS seguridad y cumplimiento legal, esto se logra a trav\u00e9s de su talento humano calificado y al mejoramiento continuo de sus procesos.<\/p><\/div><div class=\"panel-widget-style\" ><div class=\"margin50\"><\/div><\/div><div class=\"panel-widget-style\" ><p><img class=\"size-medium wp-image-75 alignnone\" src=\"http:\/\/palenquerobledal.com\/web\/wp-content\/uploads\/2017\/08\/Vision-300x52.png\" alt=\"\" width=\"300\" height=\"52\" \/><\/p><p><b><img class=\"size-full wp-image-73 alignleft\" src=\"http:\/\/palenquerobledal.com\/web\/wp-content\/uploads\/2017\/08\/Nosotros1.png\" alt=\"\" width=\"120\" height=\"120\" \/><\/b><\/p><p><b>CONDUCCIONES PALENQUE <\/b><b>ROBLEDAL S.A\u00a0 <\/b>ser\u00e1 en el a\u00f1o 2022\u00a0 una empresa reconocida a nivel municipal como empresa l\u00edder en administraci\u00f3n de flota y en la prestaci\u00f3n del servicio con calidad, oportunidad, seguridad, cumplimiento legal y generador de empleo.<\/p><\/div><div class=\"panel-widget-style\" ><div class=\"margin60\"><\/div><\/div><div class=\"panel-widget-style\" ><p><img class=\"alignnone size-medium wp-image-76\" src=\"http:\/\/palenquerobledal.com\/web\/wp-content\/uploads\/2017\/08\/politica-de-calidad-300x43.png\" alt=\"\" width=\"300\" height=\"43\" \/><\/p><p><b><img class=\"size-full wp-image-73 alignleft\" src=\"http:\/\/palenquerobledal.com\/web\/wp-content\/uploads\/2017\/08\/Nosotros1.png\" alt=\"\" width=\"120\" height=\"120\" \/><\/b><\/p><p><b>CONDUCCIONES PALENQUE ROBLEDAL S.A. <\/b>es una empresa dedicada a la prestaci\u00f3n de servicio p\u00fablico urbano colectivo de pasajeros en la comuna 7, que busca satisfacer las necesidades de las partes interesadas (usuarios, \u00a0empleados, inversionistas, entidades publicas) prestando servicios con calidad, seguridad y oportunidad; esto se logra a trav\u00e9s de su talento humano calificado, el mejoramiento continuo de sus procesos y el compromiso de su equipo de trabajo.<\/p><\/div><div class=\"panel-widget-style\" ><div class=\"margin50\"><\/div><\/div><div class=\"panel-widget-style\" ><p><img class=\"alignnone size-medium wp-image-78\" src=\"http:\/\/palenquerobledal.com\/web\/wp-content\/uploads\/2017\/08\/objetivosdecalidad-300x39.png\" alt=\"\" width=\"300\" height=\"39\" \/><\/p><p><b><img class=\"size-full wp-image-73 alignleft\" src=\"http:\/\/palenquerobledal.com\/web\/wp-content\/uploads\/2017\/08\/Nosotros1.png\" alt=\"\" width=\"120\" height=\"120\" \/><\/b><\/p><ul><li>Prestar servicios oportunos, con calidad y seguros\u00a0generando la confiabilidad de los usuarios.<\/li><li>Mejorar continuamente los procesos.<\/li><li>Desarrollar la competencia de su talento humano.<\/li><li>Fortalecer el compromiso de su equipo de trabajo.<\/li><li>Lograr la sostenibilidad de la empresa en el tiempo.<\/li><\/ul><\/div><\/div><\/div><\/div>","protected":false},"excerpt":{"rendered":"<p>CONDUCCIONES PALENQUE ROBLEDAL SA es una empresa dedicada \u00a0a la prestaci\u00f3n de servicio p\u00fablico urbano colectivo de pasajeros en la comuna 7,\u00a0\u00a0 que brinda\u00a0 a sus USUARIOS servicios con calidad, oportunidad y seguridad y a sus INVERSIONISTAS seguridad y cumplimiento legal, esto se logra a trav\u00e9s de su talento humano calificado y al mejoramiento continuo&hellip;<\/p>\n<p class=\"more-link\"><a href=\"http:\/\/palenquerobledal.com\/web\/quienes-somos\/\" class=\"themebutton2\">Read More<\/a><\/p>\n","protected":false},"author":1,"featured_media":0,"parent":0,"menu_order":0,"comment_status":"closed","ping_status":"closed","template":"template-parallax.php","meta":[],"categories":[],"tags":[],"_links":{"self":[{"href":"http:\/\/palenquerobledal.com\/web\/wp-json\/wp\/v2\/pages\/16"}],"collection":[{"href":"http:\/\/palenquerobledal.com\/web\/wp-json\/wp\/v2\/pages"}],"about":[{"href":"http:\/\/palenquerobledal.com\/web\/wp-json\/wp\/v2\/types\/page"}],"author":[{"embeddable":true,"href":"http:\/\/palenquerobledal.com\/web\/wp-json\/wp\/v2\/users\/1"}],"replies":[{"embeddable":true,"href":"http:\/\/palenquerobledal.com\/web\/wp-json\/wp\/v2\/comments?post=16"}],"version-history":[{"count":3,"href":"http:\/\/palenquerobledal.com\/web\/wp-json\/wp\/v2\/pages\/16\/revisions"}],"predecessor-version":[{"id":107,"href":"http:\/\/palenquerobledal.com\/web\/wp-json\/wp\/v2\/pages\/16\/revisions\/107"}],"wp:attachment":[{"href":"http:\/\/palenquerobledal.com\/web\/wp-json\/wp\/v2\/media?parent=16"}],"wp:term":[{"taxonomy":"category","embeddable":true,"href":"http:\/\/palenquerobledal.com\/web\/wp-json\/wp\/v2\/categories?post=16"},{"taxonomy":"post_tag","embeddable":true,"href":"http:\/\/palenquerobledal.com\/web\/wp-json\/wp\/v2\/tags?post=16"}],"curies":[{"name":"wp","href":"https:\/\/api.w.org\/{rel}","templated":true}]}}